{"id":14,"date":"2013-09-09T07:03:40","date_gmt":"2013-09-09T07:03:40","guid":{"rendered":"http:\/\/openkurier.com\/?page_id=14"},"modified":"2019-06-12T18:01:55","modified_gmt":"2019-06-12T18:01:55","slug":"srerwis-krajowy","status":"publish","type":"page","link":"https:\/\/cargoplan.pl\/?page_id=14","title":{"rendered":"kraj"},"content":{"rendered":"<p>Wszystkie przesy\u0142ki w serwisie krajowym s\u0105 dostarczane na nast\u0119pny dzie\u0144 roboczy. Status przesy\u0142ki jest dost\u0119pny po zalogowaniu w panelu klienta.<\/p>\n","protected":false},"excerpt":{"rendered":"<p>Wszystkie przesy\u0142ki w serwisie krajowym s\u0105 dostarczane na nast\u0119pny dzie\u0144 roboczy. Status przesy\u0142ki jest dost\u0119pny po zalogowaniu w panelu klienta.<\/p>\n","protected":false},"author":2,"featured_media":0,"parent":0,"menu_order":0,"comment_status":"closed","ping_status":"closed","template":"","meta":{"footnotes":""},"class_list":["post-14","page","type-page","status-publish","czr-hentry"],"_links":{"self":[{"href":"https:\/\/cargoplan.pl\/index.php?rest_route=\/wp\/v2\/pages\/14","targetHints":{"allow":["GET"]}}],"collection":[{"href":"https:\/\/cargoplan.pl\/index.php?rest_route=\/wp\/v2\/pages"}],"about":[{"href":"https:\/\/cargoplan.pl\/index.php?rest_route=\/wp\/v2\/types\/page"}],"author":[{"embeddable":true,"href":"https:\/\/cargoplan.pl\/index.php?rest_route=\/wp\/v2\/users\/2"}],"replies":[{"embeddable":true,"href":"https:\/\/cargoplan.pl\/index.php?rest_route=%2Fwp%2Fv2%2Fcomments&post=14"}],"version-history":[{"count":1,"href":"https:\/\/cargoplan.pl\/index.php?rest_route=\/wp\/v2\/pages\/14\/revisions"}],"predecessor-version":[{"id":261,"href":"https:\/\/cargoplan.pl\/index.php?rest_route=\/wp\/v2\/pages\/14\/revisions\/261"}],"wp:attachment":[{"href":"https:\/\/cargoplan.pl\/index.php?rest_route=%2Fwp%2Fv2%2Fmedia&parent=14"}],"curies":[{"name":"wp","href":"https:\/\/api.w.org\/{rel}","templated":true}]}}