{"id":229,"date":"2017-05-08T12:19:54","date_gmt":"2017-05-08T12:19:54","guid":{"rendered":"http:\/\/cargoplan.pl\/?page_id=229"},"modified":"2020-04-06T12:40:34","modified_gmt":"2020-04-06T12:40:34","slug":"cookie-policy","status":"publish","type":"page","link":"https:\/\/cargoplan.pl\/?page_id=229","title":{"rendered":"polityka prywatno\u015bci"},"content":{"rendered":"<p>Przegl\u0105daj\u0105c i u\u017cywaj\u0105c serwis internetowy https:\/\/cargoplan.pl, akceptujesz zasady zawarte w Polityce Prywatno\u015bci znajduj\u0105cej si\u0119 na stronie cargoplan.pl. Jako w\u0142a\u015bciciel cargoplan.pl zastrzegamy sobie prawo do wprowadzania zmian w Polityce Prywatno\u015bci. Ka\u017cd\u0105 osob\u0119 wykorzystuj\u0105c\u0105 w jakikolwiek spos\u00f3b cargoplan.pl obowi\u0105zuje aktualna Polityka Prywatno\u015bci. Jakiekolwiek wprowadzane zmiany nie wp\u0142ywaj\u0105 na podstawow\u0105 zasad\u0119: nie sprzedajemy i nie udost\u0119pniamy osobom trzecim danych personalnych czy adresowych klient\u00f3w i u\u017cytkownik\u00f3w cargoplan.pl <br \/>Je\u015bli nie zgadzasz si\u0119 z Polityk\u0105 Prywatno\u015bci, prosimy nie odwiedza\u0107 cargoplan.pl lub przes\u0142a\u0107 uwagi na adres email: lewandowski@cargoplan.pl <br \/>Dane Osobowe<br \/>W czasie korzystania z cargoplan.pl mo\u017cesz zosta\u0107 poproszony o podanie niekt\u00f3rych swoich danych osobowych poprzez wype\u0142nienie formularza lub w inny spos\u00f3b. Dane, o kt\u00f3re b\u0119dziesz proszony, to w wi\u0119kszo\u015bci przypadk\u00f3w nazwa firmy i adres e-mail. W przypadku formularzy zam\u00f3wie\u0144 b\u0119dziesz proszony o podanie pe\u0142nych danych teleadresowych firmy oraz niezb\u0119dnych informacji do prawid\u0142owego wykonania us\u0142ug. Niepodanie wymaganych danych zablokuje czynno\u015b\u0107, kt\u00f3r\u0105 te dane dotyczy\u0142y je\u015bli niepodane dane s\u0105 wymagane do jej poprawnego wykonania.<br \/>Bezpiecze\u0144stwo<br \/>Formularze zam\u00f3wie\u0144, kt\u00f3re wymagaj\u0105 podania pe\u0142nych danych adresowych, s\u0105 umieszczone w bezpiecznym obszarze serwisu i \u0142\u0105czenie si\u0119 z nimi odbywa si\u0119 przy u\u017cyciu bezpiecznego po\u0142\u0105czenia (SSL) szyfrowanego kluczem 128 bitowym. Identyfikacja serwera jest mo\u017cliwa dzi\u0119ki certyfikatowi serwera.<br \/>Niezapowiedziane wiadomo\u015bci<br \/>Zastrzegamy sobie prawo do wysy\u0142ania niezapowiedzianych wiadomo\u015bci, podmiotom, osobom, kt\u00f3rych dane kontaktowe uzyskamy dzi\u0119ki dzia\u0142alno\u015bci zwi\u0105zanej z cargoplan.pl. Pod tym okre\u015bleniem rozumiemy informacje odnosz\u0105ce si\u0119 bezpo\u015brednio do cargoplan.pl (np. zmiany, wewn\u0119trzne promocje), nie komercyjne listy (np. \u017cyczenia, informacje o wirusach, komentarze osobiste itp.) oraz informacje komercyjne, kt\u00f3rych wys\u0142anie dotyczy naszych produkt\u00f3w lub zosta\u0142a op\u0142acona przez sponsora wspieraj\u0105cego lewandowski@cargoplan.pl. Informacje komercyjne s\u0105 filtrowane przez nas w stopniu w jakim jest to mo\u017cliwe, ograniczana jest ich obj\u0119to\u015b\u0107 i wysy\u0142ane s\u0105 sporadycznie.<br \/>Inne formularze<br \/>Formularze znajduj\u0105ce si\u0119 go\u015bcinnie w serwisie cargoplan.pl dotycz\u0105ce us\u0142ug i produkt\u00f3w nieobs\u0142ugiwanych przez Cargoplan Sp. z o.o. nie podlegaj\u0105 Polityce Prywatno\u015bci.<\/p>\n\n\n<p><\/p>\n","protected":false},"excerpt":{"rendered":"<p>Przegl\u0105daj\u0105c i u\u017cywaj\u0105c serwis internetowy https:\/\/cargoplan.pl, akceptujesz zasady zawarte w Polityce Prywatno\u015bci znajduj\u0105cej si\u0119 na stronie cargoplan.pl. Jako w\u0142a\u015bciciel cargoplan.pl zastrzegamy sobie prawo do wprowadzania zmian w Polityce Prywatno\u015bci. Ka\u017cd\u0105 osob\u0119 wykorzystuj\u0105c\u0105 w jakikolwiek spos\u00f3b cargoplan.pl obowi\u0105zuje aktualna Polityka Prywatno\u015bci. Jakiekolwiek wprowadzane zmiany nie wp\u0142ywaj\u0105 na podstawow\u0105 zasad\u0119: nie sprzedajemy i nie udost\u0119pniamy osobom trzecim [&hellip;]<\/p>\n","protected":false},"author":2,"featured_media":0,"parent":0,"menu_order":0,"comment_status":"closed","ping_status":"closed","template":"","meta":{"footnotes":""},"class_list":["post-229","page","type-page","status-publish","czr-hentry"],"_links":{"self":[{"href":"https:\/\/cargoplan.pl\/index.php?rest_route=\/wp\/v2\/pages\/229","targetHints":{"allow":["GET"]}}],"collection":[{"href":"https:\/\/cargoplan.pl\/index.php?rest_route=\/wp\/v2\/pages"}],"about":[{"href":"https:\/\/cargoplan.pl\/index.php?rest_route=\/wp\/v2\/types\/page"}],"author":[{"embeddable":true,"href":"https:\/\/cargoplan.pl\/index.php?rest_route=\/wp\/v2\/users\/2"}],"replies":[{"embeddable":true,"href":"https:\/\/cargoplan.pl\/index.php?rest_route=%2Fwp%2Fv2%2Fcomments&post=229"}],"version-history":[{"count":1,"href":"https:\/\/cargoplan.pl\/index.php?rest_route=\/wp\/v2\/pages\/229\/revisions"}],"predecessor-version":[{"id":435,"href":"https:\/\/cargoplan.pl\/index.php?rest_route=\/wp\/v2\/pages\/229\/revisions\/435"}],"wp:attachment":[{"href":"https:\/\/cargoplan.pl\/index.php?rest_route=%2Fwp%2Fv2%2Fmedia&parent=229"}],"curies":[{"name":"wp","href":"https:\/\/api.w.org\/{rel}","templated":true}]}}