{"id":366,"date":"2020-04-03T16:06:15","date_gmt":"2020-04-03T16:06:15","guid":{"rendered":"http:\/\/cargoplan.pl\/?page_id=366"},"modified":"2022-02-27T21:48:19","modified_gmt":"2022-02-27T21:48:19","slug":"koszyk","status":"publish","type":"page","link":"https:\/\/cargoplan.pl\/?page_id=366","title":{"rendered":"Koszyk"},"content":{"rendered":"\n<p>Wplaty prosimy dokona\u0107 na poni\u017csze konto, w tytule przelewu prosz\u0119 wpisa\u0107 numer zam\u00f3wienia.<\/p>\n\n\n\n<p><\/p>\n\n\n\n<p>CARGOPLAN Sp. z o.o.<\/p>\n\n\n\n<p>ul.Bonifacego 75\/149, 02-936 Warszawa<br>Numer rachunku:<br>77102010680000170202172211<\/p>\n\n\n<div class=\"woocommerce\"><div class=\"woocommerce-notices-wrapper\"><\/div><div class=\"wc-empty-cart-message\">\n\t<div class=\"cart-empty woocommerce-info\" role=\"status\">\n\t\tTw\u00f3j koszyk aktualnie jest pusty.\t<\/div>\n<\/div>\t<p class=\"return-to-shop\">\n\t\t<a class=\"button wc-backward\" href=\"https:\/\/cargoplan.pl\/?page_id=359\">\n\t\t\tWr\u00f3\u0107 do sklepu\t\t<\/a>\n\t<\/p>\n<\/div>\n","protected":false},"excerpt":{"rendered":"<p>Wplaty prosimy dokona\u0107 na poni\u017csze konto, w tytule przelewu prosz\u0119 wpisa\u0107 numer zam\u00f3wienia. CARGOPLAN Sp. z o.o. ul.Bonifacego 75\/149, 02-936 WarszawaNumer rachunku:77102010680000170202172211<\/p>\n","protected":false},"author":2,"featured_media":0,"parent":0,"menu_order":0,"comment_status":"closed","ping_status":"closed","template":"","meta":{"footnotes":""},"class_list":["post-366","page","type-page","status-publish","czr-hentry"],"_links":{"self":[{"href":"https:\/\/cargoplan.pl\/index.php?rest_route=\/wp\/v2\/pages\/366","targetHints":{"allow":["GET"]}}],"collection":[{"href":"https:\/\/cargoplan.pl\/index.php?rest_route=\/wp\/v2\/pages"}],"about":[{"href":"https:\/\/cargoplan.pl\/index.php?rest_route=\/wp\/v2\/types\/page"}],"author":[{"embeddable":true,"href":"https:\/\/cargoplan.pl\/index.php?rest_route=\/wp\/v2\/users\/2"}],"replies":[{"embeddable":true,"href":"https:\/\/cargoplan.pl\/index.php?rest_route=%2Fwp%2Fv2%2Fcomments&post=366"}],"version-history":[{"count":2,"href":"https:\/\/cargoplan.pl\/index.php?rest_route=\/wp\/v2\/pages\/366\/revisions"}],"predecessor-version":[{"id":516,"href":"https:\/\/cargoplan.pl\/index.php?rest_route=\/wp\/v2\/pages\/366\/revisions\/516"}],"wp:attachment":[{"href":"https:\/\/cargoplan.pl\/index.php?rest_route=%2Fwp%2Fv2%2Fmedia&parent=366"}],"curies":[{"name":"wp","href":"https:\/\/api.w.org\/{rel}","templated":true}]}}