{"id":437,"date":"2020-05-12T05:25:33","date_gmt":"2020-05-12T05:25:33","guid":{"rendered":"https:\/\/cargoplan.pl\/?page_id=437"},"modified":"2022-02-28T06:13:50","modified_gmt":"2022-02-28T06:13:50","slug":"covid-19","status":"publish","type":"page","link":"https:\/\/cargoplan.pl\/?page_id=437","title":{"rendered":"COVID-19"},"content":{"rendered":"\n<p>&#x26a0;&#xfe0f;<br>Rz\u0105dy wielu kraj\u00f3w europejskich wdra\u017caj\u0105 r\u00f3\u017cne \u015brodki ograniczaj\u0105ce rozprzestrzenianie si\u0119 COVID-19. Ograniczenia nie dotycz\u0105 przep\u0142ywu towar\u00f3w, a Nasza firma nadal \u015bwiadczy regularne us\u0142ugi.<\/p>\n\n\n\n<p>Obecnie realizujemy serwis jak zwykle. Pomimo pojawiaj\u0105cych si\u0119 wyzwa\u0144 nadal jeste\u015bmy w stanie obs\u0142ugiwa\u0107 naszych klient\u00f3w. Jednak r\u00f3\u017cne okoliczno\u015bci mog\u0105 powodowa\u0107 op\u00f3\u017anienia w transporcie towar\u00f3w. Wznowione kontrole graniczne, odwo\u0142anie lot\u00f3w oraz lokalne przepisy ochronne i \u015brodki kwarantanny mog\u0105 mie\u0107 wp\u0142yw na serwis.<\/p>\n\n\n\n<p>W niekt\u00f3rych krajach dostawy pewnych parti paczek mog\u0105 by\u0107 niemo\u017cliwe z powodu zamkni\u0119cia sklep\u00f3w oraz firm lub ogranicze\u0144 na r\u00f3\u017cnych kodach pocztowych &#8211; w takim przypadku paczki zostan\u0105 zwr\u00f3cone do nadawcy. Paczki, kt\u00f3rych nie mo\u017cna b\u0119dzie dostarczy\u0107 z powodu tej wyj\u0105tkowej sytuacji, b\u0119d\u0105 opisane jednym z poni\u017cszych kod\u00f3w:<\/p>\n\n\n\n<p>C5 &#8211; Emergency<\/p>\n\n\n\n<p>DH &#8211; NO UPS CNTRL<\/p>\n\n\n\n<p>Klienci nie s\u0105 ju\u017c zobowi\u0105zani do sk\u0142adania podpisu przy dor\u0119czeniu, z wyj\u0105tkiem niekt\u00f3rych dostaw specjalistycznych, w kt\u00f3rych mamy obowi\u0105zek wynikaj\u0105cy z umowy do uzyskania podpisu. Parcels that are not signed for will be marked with code UPSID plus 11 digits of the consignee&#8217;s name as proof of delivery.<\/p>\n\n\n\n<p>Ze wzgl\u0119du na bardzo wyj\u0105tkow\u0105 aktualnie sytuacj\u0119, czas oczekiwania na obs\u0142ug\u0119 klienta mo\u017ce by\u0107 d\u0142u\u017cszy ni\u017c zwykle. Zach\u0119camy do sprawdzania aktualnego statusu przesy\u0142ki poprzez monitorowanie na stronie ups.com<\/p>\n\n\n\n<p>Zawieszenie gwarancji zwrotu<\/p>\n\n\n\n<p>pieni\u0119dzy<\/p>\n\n\n\n<p>Od 26 marca 2020 r. do odwo\u0142ania obowi\u0105zuje zawieszenie gwarancji zwrotu pieni\u0119dzy UPS (gwarancja us\u0142ug UPS) na wszystkie przesy\u0142ki z dowolnego miejsca nadania do dowolnego miejsca przeznaczenia.<\/p>\n\n\n\n<p>Bezpiecze\u0144stwo naszych pracownik\u00f3w, klient\u00f3w i ludzi w spo\u0142eczno\u015bciach, kt\u00f3re obs\u0142ugujemy, jest najwy\u017cszym priorytetem. Wdro\u017cyli\u015bmy r\u00f3\u017cne \u015brodki w celu zminimalizowania ryzyka, na kt\u00f3re mog\u0105 by\u0107 nara\u017ceni nasi pracownicy i klienci.<\/p>\n\n\n\n<p>Uwa\u017cnie monitorujemy sytuacj\u0119 i podejmiemy niezb\u0119dne kroki, aby zapewni\u0107 minimalny wp\u0142yw na obs\u0142ug\u0119.<\/p>\n\n\n\n<p>Jeste\u015bmy dumni z tego, \u017ce w tym trudnym okresie nadal zapewniamy naszym klientom wiod\u0105c\u0105 w bran\u017cy obs\u0142ug\u0119<\/p>\n","protected":false},"excerpt":{"rendered":"<p>&#x26a0;&#xfe0f;Rz\u0105dy wielu kraj\u00f3w europejskich wdra\u017caj\u0105 r\u00f3\u017cne \u015brodki ograniczaj\u0105ce rozprzestrzenianie si\u0119 COVID-19. Ograniczenia nie dotycz\u0105 przep\u0142ywu towar\u00f3w, a Nasza firma nadal \u015bwiadczy regularne us\u0142ugi. Obecnie realizujemy serwis jak zwykle. Pomimo pojawiaj\u0105cych si\u0119 wyzwa\u0144 nadal jeste\u015bmy w stanie obs\u0142ugiwa\u0107 naszych klient\u00f3w. Jednak r\u00f3\u017cne okoliczno\u015bci mog\u0105 powodowa\u0107 op\u00f3\u017anienia w transporcie towar\u00f3w. Wznowione kontrole graniczne, odwo\u0142anie lot\u00f3w oraz lokalne [&hellip;]<\/p>\n","protected":false},"author":2,"featured_media":0,"parent":0,"menu_order":0,"comment_status":"closed","ping_status":"closed","template":"","meta":{"footnotes":""},"class_list":["post-437","page","type-page","status-publish","czr-hentry"],"_links":{"self":[{"href":"https:\/\/cargoplan.pl\/index.php?rest_route=\/wp\/v2\/pages\/437","targetHints":{"allow":["GET"]}}],"collection":[{"href":"https:\/\/cargoplan.pl\/index.php?rest_route=\/wp\/v2\/pages"}],"about":[{"href":"https:\/\/cargoplan.pl\/index.php?rest_route=\/wp\/v2\/types\/page"}],"author":[{"embeddable":true,"href":"https:\/\/cargoplan.pl\/index.php?rest_route=\/wp\/v2\/users\/2"}],"replies":[{"embeddable":true,"href":"https:\/\/cargoplan.pl\/index.php?rest_route=%2Fwp%2Fv2%2Fcomments&post=437"}],"version-history":[{"count":5,"href":"https:\/\/cargoplan.pl\/index.php?rest_route=\/wp\/v2\/pages\/437\/revisions"}],"predecessor-version":[{"id":525,"href":"https:\/\/cargoplan.pl\/index.php?rest_route=\/wp\/v2\/pages\/437\/revisions\/525"}],"wp:attachment":[{"href":"https:\/\/cargoplan.pl\/index.php?rest_route=%2Fwp%2Fv2%2Fmedia&parent=437"}],"curies":[{"name":"wp","href":"https:\/\/api.w.org\/{rel}","templated":true}]}}