{"id":450,"date":"2020-11-23T23:01:02","date_gmt":"2020-11-23T23:01:02","guid":{"rendered":"https:\/\/cargoplan.pl\/?post_type=product&#038;p=450"},"modified":"2026-02-19T01:00:29","modified_gmt":"2026-02-19T01:00:29","slug":"styrbox-5l","status":"publish","type":"product","link":"https:\/\/cargoplan.pl\/?product=styrbox-5l","title":{"rendered":"StyrBox 5L"},"content":{"rendered":"<p>Opakowanie styropianowe o pojemno\u015bci 5 litr\u00f3w, przeznaczone do transportu towar\u00f3w w temperaturze kontrolowanej<\/p>\n","protected":false},"excerpt":{"rendered":"<p>Opakowanie styropianowe o pojemno\u015bci 5 litr\u00f3w, przeznaczone do transportu towar\u00f3w w temperaturze kontrolowanej<\/p>\n","protected":false},"featured_media":451,"comment_status":"open","ping_status":"closed","template":"","meta":[],"product_brand":[],"product_cat":[19],"product_tag":[],"class_list":{"0":"post-450","1":"product","2":"type-product","3":"status-publish","4":"has-post-thumbnail","6":"product_cat-opakowania-termiczne","8":"first","9":"instock","10":"sold-individually","11":"purchasable","12":"product-type-simple","13":"czr-hentry"},"_links":{"self":[{"href":"https:\/\/cargoplan.pl\/index.php?rest_route=\/wp\/v2\/product\/450","targetHints":{"allow":["GET"]}}],"collection":[{"href":"https:\/\/cargoplan.pl\/index.php?rest_route=\/wp\/v2\/product"}],"about":[{"href":"https:\/\/cargoplan.pl\/index.php?rest_route=\/wp\/v2\/types\/product"}],"replies":[{"embeddable":true,"href":"https:\/\/cargoplan.pl\/index.php?rest_route=%2Fwp%2Fv2%2Fcomments&post=450"}],"wp:featuredmedia":[{"embeddable":true,"href":"https:\/\/cargoplan.pl\/index.php?rest_route=\/wp\/v2\/media\/451"}],"wp:attachment":[{"href":"https:\/\/cargoplan.pl\/index.php?rest_route=%2Fwp%2Fv2%2Fmedia&parent=450"}],"wp:term":[{"taxonomy":"product_brand","embeddable":true,"href":"https:\/\/cargoplan.pl\/index.php?rest_route=%2Fwp%2Fv2%2Fproduct_brand&post=450"},{"taxonomy":"product_cat","embeddable":true,"href":"https:\/\/cargoplan.pl\/index.php?rest_route=%2Fwp%2Fv2%2Fproduct_cat&post=450"},{"taxonomy":"product_tag","embeddable":true,"href":"https:\/\/cargoplan.pl\/index.php?rest_route=%2Fwp%2Fv2%2Fproduct_tag&post=450"}],"curies":[{"name":"wp","href":"https:\/\/api.w.org\/{rel}","templated":true}]}}